{"id":357,"date":"2020-02-05T23:38:12","date_gmt":"2020-02-05T23:38:12","guid":{"rendered":"https:\/\/ruptuuri.harmaasudet.fi\/wp\/?page_id=357"},"modified":"2020-02-24T12:18:45","modified_gmt":"2020-02-24T12:18:45","slug":"tekijat","status":"publish","type":"page","link":"https:\/\/ruptuuri.harmaasudet.fi\/wp\/tekijat\/","title":{"rendered":"Tekij\u00e4t"},"content":{"rendered":"<div class=\"boldgrid-section\">\n<div class=\"container\">\n<div class=\"row\" style=\"padding-top: 1px; padding-bottom: 0px;\">\n<div class=\"col-md-1 col-sm-12 col-xs-12\">\n<p class=\"\">&nbsp;<\/p>\n<\/div>\n<div class=\"col-md-10 col-xs-12 col-sm-12\">\n<p class=\"mod-reset\"><img loading=\"lazy\" decoding=\"async\" class=\"alignnone wp-image-498 size-large\" src=\"https:\/\/ruptuuri.harmaasudet.fi\/wp\/wp-content\/uploads\/2020\/02\/Rutuuri_tekijat4-1024x897.jpg\" alt=\"\" width=\"1024\" height=\"897\" srcset=\"https:\/\/ruptuuri.harmaasudet.fi\/wp\/wp-content\/uploads\/2020\/02\/Rutuuri_tekijat4-1024x897.jpg 1024w, https:\/\/ruptuuri.harmaasudet.fi\/wp\/wp-content\/uploads\/2020\/02\/Rutuuri_tekijat4-300x263.jpg 300w, https:\/\/ruptuuri.harmaasudet.fi\/wp\/wp-content\/uploads\/2020\/02\/Rutuuri_tekijat4-768x673.jpg 768w, https:\/\/ruptuuri.harmaasudet.fi\/wp\/wp-content\/uploads\/2020\/02\/Rutuuri_tekijat4-1536x1345.jpg 1536w, https:\/\/ruptuuri.harmaasudet.fi\/wp\/wp-content\/uploads\/2020\/02\/Rutuuri_tekijat4-2048x1793.jpg 2048w, https:\/\/ruptuuri.harmaasudet.fi\/wp\/wp-content\/uploads\/2020\/02\/Rutuuri_tekijat4-250x219.jpg 250w, https:\/\/ruptuuri.harmaasudet.fi\/wp\/wp-content\/uploads\/2020\/02\/Rutuuri_tekijat4-550x482.jpg 550w, https:\/\/ruptuuri.harmaasudet.fi\/wp\/wp-content\/uploads\/2020\/02\/Rutuuri_tekijat4-800x701.jpg 800w, https:\/\/ruptuuri.harmaasudet.fi\/wp\/wp-content\/uploads\/2020\/02\/Rutuuri_tekijat4-206x180.jpg 206w, https:\/\/ruptuuri.harmaasudet.fi\/wp\/wp-content\/uploads\/2020\/02\/Rutuuri_tekijat4-343x300.jpg 343w, https:\/\/ruptuuri.harmaasudet.fi\/wp\/wp-content\/uploads\/2020\/02\/Rutuuri_tekijat4-571x500.jpg 571w\" sizes=\"auto, (max-width: 1024px) 100vw, 1024px\" \/><\/p>\n<\/div>\n<div class=\"col-md-1 col-sm-12 col-xs-12\"><\/div>\n<\/div>\n<\/div>\n<\/div>\n<div class=\"boldgrid-section\">\n<div class=\"container\">\n<div class=\"row\" style=\"padding-top: 75px; padding-bottom: 0px;\">\n<div class=\"col-md-4 col-xs-12 col-sm-12\"><\/div>\n<div class=\"col-md-4 col-xs-12 col-sm-12\">\n<p class=\"\" style=\"text-align: center;\">Pelinjohdon tavoitat osoitteesta pelinjohto@ruptuuri.harmaasudet.fi<\/p>\n<\/div>\n<div class=\"col-md-4 col-sm-12 col-xs-12\"><\/div>\n<\/div>\n<\/div>\n<\/div>\n<div class=\"boldgrid-section\">\n<div class=\"container\">\n<div class=\"row\" style=\"padding-top: 75px; padding-bottom: 75px;\">\n<div class=\"col-md-5 col-sm-12 col-xs-12\"><\/div>\n<div class=\"col-md-2 col-xs-12 col-sm-12\">\n<p class=\"mod-reset\"><img loading=\"lazy\" decoding=\"async\" class=\"alignnone wp-image-375 size-medium\" src=\"https:\/\/ruptuuri.harmaasudet.fi\/wp\/wp-content\/uploads\/2020\/02\/aurinko2a-300x300.jpg\" alt=\"\" width=\"300\" height=\"300\" srcset=\"https:\/\/ruptuuri.harmaasudet.fi\/wp\/wp-content\/uploads\/2020\/02\/aurinko2a-300x300.jpg 300w, https:\/\/ruptuuri.harmaasudet.fi\/wp\/wp-content\/uploads\/2020\/02\/aurinko2a-1024x1024.jpg 1024w, https:\/\/ruptuuri.harmaasudet.fi\/wp\/wp-content\/uploads\/2020\/02\/aurinko2a-150x150.jpg 150w, https:\/\/ruptuuri.harmaasudet.fi\/wp\/wp-content\/uploads\/2020\/02\/aurinko2a-768x768.jpg 768w, https:\/\/ruptuuri.harmaasudet.fi\/wp\/wp-content\/uploads\/2020\/02\/aurinko2a-1536x1536.jpg 1536w, https:\/\/ruptuuri.harmaasudet.fi\/wp\/wp-content\/uploads\/2020\/02\/aurinko2a-48x48.jpg 48w, https:\/\/ruptuuri.harmaasudet.fi\/wp\/wp-content\/uploads\/2020\/02\/aurinko2a-250x250.jpg 250w, https:\/\/ruptuuri.harmaasudet.fi\/wp\/wp-content\/uploads\/2020\/02\/aurinko2a-550x550.jpg 550w, https:\/\/ruptuuri.harmaasudet.fi\/wp\/wp-content\/uploads\/2020\/02\/aurinko2a-800x800.jpg 800w, https:\/\/ruptuuri.harmaasudet.fi\/wp\/wp-content\/uploads\/2020\/02\/aurinko2a-180x180.jpg 180w, https:\/\/ruptuuri.harmaasudet.fi\/wp\/wp-content\/uploads\/2020\/02\/aurinko2a-500x500.jpg 500w, https:\/\/ruptuuri.harmaasudet.fi\/wp\/wp-content\/uploads\/2020\/02\/aurinko2a.jpg 2000w\" sizes=\"auto, (max-width: 300px) 100vw, 300px\" \/><\/p>\n<\/div>\n<div class=\"col-md-5 col-sm-12 col-xs-12\"><\/div>\n<\/div>\n<\/div>\n<\/div>\n<div class=\"boldgrid-section\">\n<div class=\"container\">\n<div class=\"row\" style=\"padding-bottom: 75px;\">\n<div class=\"col-md-4 col-xs-12 col-sm-12\">\n<p class=\"\" style=\"font-family: PT Sans; font-weight: 400;\" data-font-family=\"PT Sans\" data-font-weight=\"400\" data-font-style=\"\">&nbsp;<\/p>\n<\/div>\n<div class=\"col-md-4 col-xs-12 col-sm-12\">\n<p class=\"\" style=\"font-family: PT Sans; font-weight: 400; text-align: center;\" data-font-family=\"PT Sans\" data-font-weight=\"400\" data-font-style=\"\"><a href=\"http:\/\/www.harmaasudet.fi\/\">Harmaasudet ry<\/a> on my\u00f6nt\u00e4nyt pelille susilipun. Kiit\u00e4mme yhdistyst\u00e4 tavaralainoista ja nettisivutilasta!<\/p>\n<\/div>\n<div class=\"col-md-4 col-sm-12 col-xs-12\"><\/div>\n<\/div>\n<\/div>\n<\/div>\n","protected":false},"excerpt":{"rendered":"<p>&nbsp; Pelinjohdon tavoitat osoitteesta pelinjohto@ruptuuri.harmaasudet.fi &nbsp; Harmaasudet ry on my\u00f6nt\u00e4nyt pelille susilipun. Kiit\u00e4mme yhdistyst\u00e4 tavaralainoista ja nettisivutilasta!<\/p>\n","protected":false},"author":1,"featured_media":0,"parent":0,"menu_order":6,"comment_status":"closed","ping_status":"closed","template":"","meta":{"bgseo_title":"","bgseo_description":"","bgseo_robots_index":"index","bgseo_robots_follow":"follow","footnotes":""},"class_list":["post-357","page","type-page","status-publish"],"_links":{"self":[{"href":"https:\/\/ruptuuri.harmaasudet.fi\/wp\/wp-json\/wp\/v2\/pages\/357","targetHints":{"allow":["GET"]}}],"collection":[{"href":"https:\/\/ruptuuri.harmaasudet.fi\/wp\/wp-json\/wp\/v2\/pages"}],"about":[{"href":"https:\/\/ruptuuri.harmaasudet.fi\/wp\/wp-json\/wp\/v2\/types\/page"}],"author":[{"embeddable":true,"href":"https:\/\/ruptuuri.harmaasudet.fi\/wp\/wp-json\/wp\/v2\/users\/1"}],"replies":[{"embeddable":true,"href":"https:\/\/ruptuuri.harmaasudet.fi\/wp\/wp-json\/wp\/v2\/comments?post=357"}],"version-history":[{"count":10,"href":"https:\/\/ruptuuri.harmaasudet.fi\/wp\/wp-json\/wp\/v2\/pages\/357\/revisions"}],"predecessor-version":[{"id":499,"href":"https:\/\/ruptuuri.harmaasudet.fi\/wp\/wp-json\/wp\/v2\/pages\/357\/revisions\/499"}],"wp:attachment":[{"href":"https:\/\/ruptuuri.harmaasudet.fi\/wp\/wp-json\/wp\/v2\/media?parent=357"}],"curies":[{"name":"wp","href":"https:\/\/api.w.org\/{rel}","templated":true}]}}